{"id":294,"date":"2024-02-27T10:09:26","date_gmt":"2024-02-27T10:09:26","guid":{"rendered":"https:\/\/ksaconsulting.fr\/?page_id=294"},"modified":"2024-02-28T06:57:24","modified_gmt":"2024-02-28T05:57:24","slug":"sinstaller-en-arabie-saoudite","status":"publish","type":"page","link":"https:\/\/www.ksaconsulting.fr\/en\/sinstaller-en-arabie-saoudite\/","title":{"rendered":"Settling in Saudi Arabia"},"content":{"rendered":"<div data-elementor-type=\"wp-page\" data-elementor-id=\"294\" class=\"elementor elementor-294\">\n\t\t\t\t<div class=\"elementor-element elementor-element-187c592 e-flex e-con-boxed wpr-particle-no wpr-jarallax-no wpr-parallax-no wpr-sticky-section-no wpr-equal-height-no e-con e-parent\" data-id=\"187c592\" data-element_type=\"container\" data-e-type=\"container\" data-settings=\"{&quot;background_background&quot;:&quot;classic&quot;}\">\n\t\t\t\t\t<div class=\"e-con-inner\">\n\t\t<div class=\"elementor-element elementor-element-51d909a e-con-full e-flex wpr-particle-no wpr-jarallax-no wpr-parallax-no wpr-sticky-section-no wpr-equal-height-no e-con e-child\" data-id=\"51d909a\" data-element_type=\"container\" data-e-type=\"container\">\n\t\t\t\t<div class=\"elementor-element elementor-element-1e783ea elementor-widget elementor-widget-heading\" data-id=\"1e783ea\" data-element_type=\"widget\" data-e-type=\"widget\" data-widget_type=\"heading.default\">\n\t\t\t\t<div class=\"elementor-widget-container\">\n\t\t\t\t\t<h1 class=\"elementor-heading-title elementor-size-default\">Settling in Saudi Arabia<\/h1>\t\t\t\t<\/div>\n\t\t\t\t<\/div>\n\t\t\t\t<\/div>\n\t\t\t\t\t<\/div>\n\t\t\t\t<\/div>\n\t\t<div class=\"elementor-element elementor-element-edcaa7d e-flex e-con-boxed wpr-particle-no wpr-jarallax-no wpr-parallax-no wpr-sticky-section-no wpr-equal-height-no e-con e-parent\" data-id=\"edcaa7d\" data-element_type=\"container\" data-e-type=\"container\" data-settings=\"{&quot;background_background&quot;:&quot;classic&quot;}\">\n\t\t\t\t\t<div class=\"e-con-inner\">\n\t\t<div class=\"elementor-element elementor-element-14857bf e-con-full e-flex wpr-particle-no wpr-jarallax-no wpr-parallax-no wpr-sticky-section-no wpr-equal-height-no e-con e-child\" data-id=\"14857bf\" data-element_type=\"container\" data-e-type=\"container\">\n\t\t\t\t<div class=\"elementor-element elementor-element-87f290f elementor-widget elementor-widget-heading\" data-id=\"87f290f\" data-element_type=\"widget\" data-e-type=\"widget\" data-widget_type=\"heading.default\">\n\t\t\t\t<div class=\"elementor-widget-container\">\n\t\t\t\t\t<h2 class=\"elementor-heading-title elementor-size-default\">The Saudi economy<\/h2>\t\t\t\t<\/div>\n\t\t\t\t<\/div>\n\t\t\t\t<div class=\"elementor-element elementor-element-cf1b6cb elementor-widget-divider--view-line elementor-widget elementor-widget-divider\" data-id=\"cf1b6cb\" data-element_type=\"widget\" data-e-type=\"widget\" data-widget_type=\"divider.default\">\n\t\t\t\t<div class=\"elementor-widget-container\">\n\t\t\t\t\t\t\t<div class=\"elementor-divider\">\n\t\t\t<span class=\"elementor-divider-separator\">\n\t\t\t\t\t\t<\/span>\n\t\t<\/div>\n\t\t\t\t\t\t<\/div>\n\t\t\t\t<\/div>\n\t\t\t\t<div class=\"elementor-element elementor-element-f8338b6 elementor-widget elementor-widget-text-editor\" data-id=\"f8338b6\" data-element_type=\"widget\" data-e-type=\"widget\" data-widget_type=\"text-editor.default\">\n\t\t\t\t<div class=\"elementor-widget-container\">\n\t\t\t\t\t\t\t\t\t<p class=\"p1\"><span class=\"s1\">Is growing, with opportunities in various sectors such as oil, construction, education, healthcare, and information technology. Expatriates can find well-paying jobs in these fields.<\/span><\/p><p class=\"p1\"><span class=\"s1\">Saudi Arabia does not levy income tax on individuals. This means you can keep a larger portion of your salary.<\/span><\/p><p class=\"p1\"><span class=\"s1\">The country offers a warm and sunny climate, modern shopping centers, developed transportation infrastructure, and a variety of leisure activities. Expatriates can enjoy a comfortable lifestyle.<\/span><\/p><p class=\"p1\"><span class=\"s1\">Saudi Arabia has a rich history and a unique culture. <\/span><\/p><p class=\"p1\"><span class=\"s1\">Real estate is a booming sector in Saudi Arabia. Individuals can invest in residential or commercial properties.<\/span><\/p><p class=\"p1\"><span class=\"s1\">At KSA Consulting, we recognize the potential that the Kingdom of Saudi Arabia holds. Whether you are an individual or a company, let us guide you through the promising horizons of this growing nation.<\/span><\/p>\t\t\t\t\t\t\t\t<\/div>\n\t\t\t\t<\/div>\n\t\t\t\t<\/div>\n\t\t\t\t\t<\/div>\n\t\t\t\t<\/div>\n\t\t<div class=\"elementor-element elementor-element-5e29591 e-flex e-con-boxed wpr-particle-no wpr-jarallax-no wpr-parallax-no wpr-sticky-section-no wpr-equal-height-no e-con e-parent\" data-id=\"5e29591\" data-element_type=\"container\" data-e-type=\"container\" data-settings=\"{&quot;background_background&quot;:&quot;classic&quot;}\">\n\t\t\t\t\t<div class=\"e-con-inner\">\n\t\t<div class=\"elementor-element elementor-element-5f9ef36 e-con-full e-flex wpr-particle-no wpr-jarallax-no wpr-parallax-no wpr-sticky-section-no wpr-equal-height-no e-con e-child\" data-id=\"5f9ef36\" data-element_type=\"container\" data-e-type=\"container\">\n\t\t\t\t<div class=\"elementor-element elementor-element-07eded1 elementor-widget elementor-widget-heading\" data-id=\"07eded1\" data-element_type=\"widget\" data-e-type=\"widget\" data-widget_type=\"heading.default\">\n\t\t\t\t<div class=\"elementor-widget-container\">\n\t\t\t\t\t<h5 class=\"elementor-heading-title elementor-size-default\">For more information<\/h5>\t\t\t\t<\/div>\n\t\t\t\t<\/div>\n\t\t\t\t<div class=\"elementor-element elementor-element-278dbff elementor-widget elementor-widget-heading\" data-id=\"278dbff\" data-element_type=\"widget\" data-e-type=\"widget\" data-widget_type=\"heading.default\">\n\t\t\t\t<div class=\"elementor-widget-container\">\n\t\t\t\t\t<h2 class=\"elementor-heading-title elementor-size-default\">Contact-us !<\/h2>\t\t\t\t<\/div>\n\t\t\t\t<\/div>\n\t\t\t\t<div class=\"elementor-element elementor-element-4ab16ed elementor-align-left elementor-mobile-align-center elementor-widget elementor-widget-button\" data-id=\"4ab16ed\" data-element_type=\"widget\" data-e-type=\"widget\" data-widget_type=\"button.default\">\n\t\t\t\t<div class=\"elementor-widget-container\">\n\t\t\t\t\t\t\t\t\t<div class=\"elementor-button-wrapper\">\n\t\t\t\t\t<a class=\"elementor-button elementor-button-link elementor-size-md elementor-animation-grow\" href=\"https:\/\/www.ksaconsulting.fr\/en\/contact\/\">\n\t\t\t\t\t\t<span class=\"elementor-button-content-wrapper\">\n\t\t\t\t\t\t\t\t\t<span class=\"elementor-button-text\">Contact<\/span>\n\t\t\t\t\t<\/span>\n\t\t\t\t\t<\/a>\n\t\t\t\t<\/div>\n\t\t\t\t\t\t\t\t<\/div>\n\t\t\t\t<\/div>\n\t\t\t\t<\/div>\n\t\t\t\t\t<\/div>\n\t\t\t\t<\/div>\n\t\t\t\t<\/div>","protected":false},"excerpt":{"rendered":"<p>S&rsquo;installer en Arabie Saoudite L&rsquo;\u00e9conomie Saoudienne Est en croissance, avec des opportunit\u00e9s dans divers secteurs tels que le p\u00e9trole, la construction, l\u2019\u00e9ducation, la sant\u00e9 et les technologies de l\u2019information. Les expatri\u00e9s peuvent trouver des emplois bien r\u00e9mun\u00e9r\u00e9s dans ces domaines. L\u2019Arabie saoudite ne pr\u00e9l\u00e8ve pas d\u2019imp\u00f4t sur le revenu pour les particuliers. Cela signifie que vous pouvez conserver une plus grande partie de votre salaire. Le pays offre un climat chaud et ensoleill\u00e9, des centres commerciaux modernes, des infrastructures de transport d\u00e9velopp\u00e9es et une vari\u00e9t\u00e9 d\u2019activit\u00e9s de loisirs. Les expatri\u00e9s peuvent profiter d\u2019un mode de vie confortable. L\u2019Arabie saoudite a une histoire riche et une culture unique. L\u2019immobilier est un secteur en plein essor en Arabie saoudite. Les particuliers peuvent investir dans des propri\u00e9t\u00e9s r\u00e9sidentielles ou commerciales. Chez KSA Consulting, nous reconnaissons le potentiel que d\u00e9tient le Royaume d\u2019Arabie Saoudite. Que vous soyez un particulier ou une entreprise, laissez nous vous guider au travers des horizons prometteurs de cette nation en pleine croissance. Pour plus d&rsquo;informations Contactez-nous ! Contact<\/p>","protected":false},"author":1,"featured_media":0,"parent":0,"menu_order":0,"comment_status":"closed","ping_status":"closed","template":"","meta":{"site-sidebar-layout":"no-sidebar","site-content-layout":"page-builder","ast-site-content-layout":"full-width-container","site-content-style":"default","site-sidebar-style":"default","ast-global-header-display":"","ast-banner-title-visibility":"","ast-main-header-display":"","ast-hfb-above-header-display":"","ast-hfb-below-header-display":"","ast-hfb-mobile-header-display":"","site-post-title":"disabled","ast-breadcrumbs-content":"","ast-featured-img":"disabled","footer-sml-layout":"","theme-transparent-header-meta":"","adv-header-id-meta":"","stick-header-meta":"","header-above-stick-meta":"","header-main-stick-meta":"","header-below-stick-meta":"","astra-migrate-meta-layouts":"set","ast-page-background-enabled":"default","ast-page-background-meta":{"desktop":{"background-color":"","background-image":"","background-repeat":"repeat","background-position":"center center","background-size":"auto","background-attachment":"scroll","background-type":"","background-media":"","overlay-type":"","overlay-color":"","overlay-opacity":"","overlay-gradient":""},"tablet":{"background-color":"","background-image":"","background-repeat":"repeat","background-position":"center center","background-size":"auto","background-attachment":"scroll","background-type":"","background-media":"","overlay-type":"","overlay-color":"","overlay-opacity":"","overlay-gradient":""},"mobile":{"background-color":"","background-image":"","background-repeat":"repeat","background-position":"center center","background-size":"auto","background-attachment":"scroll","background-type":"","background-media":"","overlay-type":"","overlay-color":"","overlay-opacity":"","overlay-gradient":""}},"ast-content-background-meta":{"desktop":{"background-color":"var(--ast-global-color-5)","background-image":"","background-repeat":"repeat","background-position":"center center","background-size":"auto","background-attachment":"scroll","background-type":"","background-media":"","overlay-type":"","overlay-color":"","overlay-opacity":"","overlay-gradient":""},"tablet":{"background-color":"var(--ast-global-color-5)","background-image":"","background-repeat":"repeat","background-position":"center center","background-size":"auto","background-attachment":"scroll","background-type":"","background-media":"","overlay-type":"","overlay-color":"","overlay-opacity":"","overlay-gradient":""},"mobile":{"background-color":"var(--ast-global-color-5)","background-image":"","background-repeat":"repeat","background-position":"center center","background-size":"auto","background-attachment":"scroll","background-type":"","background-media":"","overlay-type":"","overlay-color":"","overlay-opacity":"","overlay-gradient":""}},"footnotes":""},"class_list":["post-294","page","type-page","status-publish","hentry"],"_links":{"self":[{"href":"https:\/\/www.ksaconsulting.fr\/en\/wp-json\/wp\/v2\/pages\/294","targetHints":{"allow":["GET"]}}],"collection":[{"href":"https:\/\/www.ksaconsulting.fr\/en\/wp-json\/wp\/v2\/pages"}],"about":[{"href":"https:\/\/www.ksaconsulting.fr\/en\/wp-json\/wp\/v2\/types\/page"}],"author":[{"embeddable":true,"href":"https:\/\/www.ksaconsulting.fr\/en\/wp-json\/wp\/v2\/users\/1"}],"replies":[{"embeddable":true,"href":"https:\/\/www.ksaconsulting.fr\/en\/wp-json\/wp\/v2\/comments?post=294"}],"version-history":[{"count":9,"href":"https:\/\/www.ksaconsulting.fr\/en\/wp-json\/wp\/v2\/pages\/294\/revisions"}],"predecessor-version":[{"id":341,"href":"https:\/\/www.ksaconsulting.fr\/en\/wp-json\/wp\/v2\/pages\/294\/revisions\/341"}],"wp:attachment":[{"href":"https:\/\/www.ksaconsulting.fr\/en\/wp-json\/wp\/v2\/media?parent=294"}],"curies":[{"name":"wp","href":"https:\/\/api.w.org\/{rel}","templated":true}]}}