{"id":257,"date":"2024-02-27T09:51:23","date_gmt":"2024-02-27T09:51:23","guid":{"rendered":"https:\/\/ksaconsulting.fr\/?page_id=257"},"modified":"2024-02-27T10:08:07","modified_gmt":"2024-02-27T10:08:07","slug":"travailler-en-arabie-saoudite","status":"publish","type":"page","link":"https:\/\/www.ksaconsulting.fr\/en\/travailler-en-arabie-saoudite\/","title":{"rendered":"Work in Saudi Arabia"},"content":{"rendered":"<div data-elementor-type=\"wp-page\" data-elementor-id=\"257\" class=\"elementor elementor-257\">\n\t\t\t\t<div class=\"elementor-element elementor-element-187c592 e-flex e-con-boxed wpr-particle-no wpr-jarallax-no wpr-parallax-no wpr-sticky-section-no wpr-equal-height-no e-con e-parent\" data-id=\"187c592\" data-element_type=\"container\" data-e-type=\"container\" data-settings=\"{&quot;background_background&quot;:&quot;classic&quot;}\">\n\t\t\t\t\t<div class=\"e-con-inner\">\n\t\t<div class=\"elementor-element elementor-element-51d909a e-con-full e-flex wpr-particle-no wpr-jarallax-no wpr-parallax-no wpr-sticky-section-no wpr-equal-height-no e-con e-child\" data-id=\"51d909a\" data-element_type=\"container\" data-e-type=\"container\">\n\t\t\t\t<div class=\"elementor-element elementor-element-1e783ea elementor-widget elementor-widget-heading\" data-id=\"1e783ea\" data-element_type=\"widget\" data-e-type=\"widget\" data-widget_type=\"heading.default\">\n\t\t\t\t<div class=\"elementor-widget-container\">\n\t\t\t\t\t<h1 class=\"elementor-heading-title elementor-size-default\">Work in Saudi Arabia<\/h1>\t\t\t\t<\/div>\n\t\t\t\t<\/div>\n\t\t\t\t<\/div>\n\t\t\t\t\t<\/div>\n\t\t\t\t<\/div>\n\t\t<div class=\"elementor-element elementor-element-edcaa7d e-flex e-con-boxed wpr-particle-no wpr-jarallax-no wpr-parallax-no wpr-sticky-section-no wpr-equal-height-no e-con e-parent\" data-id=\"edcaa7d\" data-element_type=\"container\" data-e-type=\"container\" data-settings=\"{&quot;background_background&quot;:&quot;classic&quot;}\">\n\t\t\t\t\t<div class=\"e-con-inner\">\n\t\t<div class=\"elementor-element elementor-element-14857bf e-con-full e-flex wpr-particle-no wpr-jarallax-no wpr-parallax-no wpr-sticky-section-no wpr-equal-height-no e-con e-child\" data-id=\"14857bf\" data-element_type=\"container\" data-e-type=\"container\">\n\t\t\t\t<div class=\"elementor-element elementor-element-87f290f elementor-widget elementor-widget-heading\" data-id=\"87f290f\" data-element_type=\"widget\" data-e-type=\"widget\" data-widget_type=\"heading.default\">\n\t\t\t\t<div class=\"elementor-widget-container\">\n\t\t\t\t\t<h2 class=\"elementor-heading-title elementor-size-default\">Saudi Arabia<\/h2>\t\t\t\t<\/div>\n\t\t\t\t<\/div>\n\t\t\t\t<div class=\"elementor-element elementor-element-cf1b6cb elementor-widget-divider--view-line elementor-widget elementor-widget-divider\" data-id=\"cf1b6cb\" data-element_type=\"widget\" data-e-type=\"widget\" data-widget_type=\"divider.default\">\n\t\t\t\t<div class=\"elementor-widget-container\">\n\t\t\t\t\t\t\t<div class=\"elementor-divider\">\n\t\t\t<span class=\"elementor-divider-separator\">\n\t\t\t\t\t\t<\/span>\n\t\t<\/div>\n\t\t\t\t\t\t<\/div>\n\t\t\t\t<\/div>\n\t\t\t\t<div class=\"elementor-element elementor-element-f8338b6 elementor-widget elementor-widget-text-editor\" data-id=\"f8338b6\" data-element_type=\"widget\" data-e-type=\"widget\" data-widget_type=\"text-editor.default\">\n\t\t\t\t<div class=\"elementor-widget-container\">\n\t\t\t\t\t\t\t\t\t<p class=\"p1\"><span class=\"s1\">Is one of the countries experiencing the fastest evolving business climate. Ongoing economic and social reforms are encouraging investor influx. The country, as the world's leading oil exporter, has diversified to include sectors such as energy, telecommunications, healthcare, and tourism. <\/span><\/p><p class=\"p1\"><span class=\"s1\">The Saudi Vision 2030 development plan emphasizes opening up to small and medium-sized enterprises and foreign investments in non-traditional sectors.<\/span><\/p><p class=\"p1 translation-block\">Saudi Arabia is no longer solely reliant on the oil industry. Sectors such as tourism, hospitality, events, and advertising are rapidly growing. The country has also relaxed public regulations to encourage investments.<\/p><p class=\"p1 translation-block\">The Kingdom has implemented reforms to support small investors. It is ranked third globally in terms of business friendliness, alongside New Zealand and Singapore. Additionally, women now have the same rights as men to establish businesses and manage their finances.<\/p><p class=\"p1\"><span class=\"s1\">The government supports energy-related business projects. This provides opportunities for investors in this sector.<\/span><\/p><p class=\"p1\"><span class=\"s1\">In summary, Saudi Arabia offers a promising environment for entrepreneurs and investors seeking new markets and opportunities. <\/span><\/p>\t\t\t\t\t\t\t\t<\/div>\n\t\t\t\t<\/div>\n\t\t\t\t<\/div>\n\t\t\t\t\t<\/div>\n\t\t\t\t<\/div>\n\t\t<div class=\"elementor-element elementor-element-5e29591 e-flex e-con-boxed wpr-particle-no wpr-jarallax-no wpr-parallax-no wpr-sticky-section-no wpr-equal-height-no e-con e-parent\" data-id=\"5e29591\" data-element_type=\"container\" data-e-type=\"container\" data-settings=\"{&quot;background_background&quot;:&quot;classic&quot;}\">\n\t\t\t\t\t<div class=\"e-con-inner\">\n\t\t<div class=\"elementor-element elementor-element-5f9ef36 e-con-full e-flex wpr-particle-no wpr-jarallax-no wpr-parallax-no wpr-sticky-section-no wpr-equal-height-no e-con e-child\" data-id=\"5f9ef36\" data-element_type=\"container\" data-e-type=\"container\">\n\t\t\t\t<div class=\"elementor-element elementor-element-07eded1 elementor-widget elementor-widget-heading\" data-id=\"07eded1\" data-element_type=\"widget\" data-e-type=\"widget\" data-widget_type=\"heading.default\">\n\t\t\t\t<div class=\"elementor-widget-container\">\n\t\t\t\t\t<h5 class=\"elementor-heading-title elementor-size-default\">For more information<\/h5>\t\t\t\t<\/div>\n\t\t\t\t<\/div>\n\t\t\t\t<div class=\"elementor-element elementor-element-278dbff elementor-widget elementor-widget-heading\" data-id=\"278dbff\" data-element_type=\"widget\" data-e-type=\"widget\" data-widget_type=\"heading.default\">\n\t\t\t\t<div class=\"elementor-widget-container\">\n\t\t\t\t\t<h2 class=\"elementor-heading-title elementor-size-default\">Contact-us !<\/h2>\t\t\t\t<\/div>\n\t\t\t\t<\/div>\n\t\t\t\t<div class=\"elementor-element elementor-element-4ab16ed elementor-align-left elementor-mobile-align-center elementor-widget elementor-widget-button\" data-id=\"4ab16ed\" data-element_type=\"widget\" data-e-type=\"widget\" data-widget_type=\"button.default\">\n\t\t\t\t<div class=\"elementor-widget-container\">\n\t\t\t\t\t\t\t\t\t<div class=\"elementor-button-wrapper\">\n\t\t\t\t\t<a class=\"elementor-button elementor-button-link elementor-size-md elementor-animation-grow\" href=\"https:\/\/www.ksaconsulting.fr\/en\/contact\/\">\n\t\t\t\t\t\t<span class=\"elementor-button-content-wrapper\">\n\t\t\t\t\t\t\t\t\t<span class=\"elementor-button-text\">Contact<\/span>\n\t\t\t\t\t<\/span>\n\t\t\t\t\t<\/a>\n\t\t\t\t<\/div>\n\t\t\t\t\t\t\t\t<\/div>\n\t\t\t\t<\/div>\n\t\t\t\t<\/div>\n\t\t\t\t\t<\/div>\n\t\t\t\t<\/div>\n\t\t\t\t<\/div>","protected":false},"excerpt":{"rendered":"<p>Travailler en Arabie Saoudite L&rsquo;Arabie Saoudite Est l\u2019un des pays dont le climat des affaires \u00e9volue le plus rapidement. Les r\u00e9formes \u00e9conomiques et sociales en cours favorisent l\u2019arriv\u00e9e d\u2019investisseurs. Le pays, en tant que premier exportateur de p\u00e9trole au monde, s\u2019est diversifi\u00e9 pour inclure des secteurs tels que l\u2019\u00e9nergie, les t\u00e9l\u00e9communications, les soins de sant\u00e9 et le tourisme. Le plan de d\u00e9veloppement saoudien Vision 2030 met l\u2019accent sur l\u2019ouverture aux petites et moyennes entreprises et aux investissements \u00e9trangers dans des secteurs non traditionnels. L\u2019Arabie saoudite ne d\u00e9pend plus uniquement de l\u2019industrie p\u00e9troli\u00e8re. Des domaines tels que le tourisme, l\u2019h\u00f4tellerie, l\u2019\u00e9v\u00e9nementiel et la publicit\u00e9 se d\u00e9veloppent rapidement. Le pays a \u00e9galement assoupli les r\u00e9glementations publiques pour encourager les investissements. Le Royaume a mis en place des r\u00e9formes pour soutenir les petits investisseurs. Il est class\u00e9 au troisi\u00e8me rang mondial en termes d\u2019amicalit\u00e9 pour les affaires, aux c\u00f4t\u00e9s de la Nouvelle-Z\u00e9lande et de Singapour. De plus, les femmes ont d\u00e9sormais les m\u00eames droits que les hommes pour cr\u00e9er des entreprises et g\u00e9rer leurs finances. Le gouvernement soutient les projets commerciaux li\u00e9s aux \u00e9nergies. Cela offre des opportunit\u00e9s pour les investisseurs dans ce secteur. En somme, l\u2019Arabie saoudite offre un environnement prometteur pour les entrepreneurs et les investisseurs cherchant de nouveaux march\u00e9s et opportunit\u00e9s. Pour plus d&rsquo;informations Contactez-nous ! Contact<\/p>","protected":false},"author":1,"featured_media":0,"parent":0,"menu_order":0,"comment_status":"closed","ping_status":"closed","template":"","meta":{"site-sidebar-layout":"no-sidebar","site-content-layout":"page-builder","ast-site-content-layout":"full-width-container","site-content-style":"default","site-sidebar-style":"default","ast-global-header-display":"","ast-banner-title-visibility":"","ast-main-header-display":"","ast-hfb-above-header-display":"","ast-hfb-below-header-display":"","ast-hfb-mobile-header-display":"","site-post-title":"disabled","ast-breadcrumbs-content":"","ast-featured-img":"disabled","footer-sml-layout":"","theme-transparent-header-meta":"","adv-header-id-meta":"","stick-header-meta":"","header-above-stick-meta":"","header-main-stick-meta":"","header-below-stick-meta":"","astra-migrate-meta-layouts":"set","ast-page-background-enabled":"default","ast-page-background-meta":{"desktop":{"background-color":"","background-image":"","background-repeat":"repeat","background-position":"center center","background-size":"auto","background-attachment":"scroll","background-type":"","background-media":"","overlay-type":"","overlay-color":"","overlay-opacity":"","overlay-gradient":""},"tablet":{"background-color":"","background-image":"","background-repeat":"repeat","background-position":"center center","background-size":"auto","background-attachment":"scroll","background-type":"","background-media":"","overlay-type":"","overlay-color":"","overlay-opacity":"","overlay-gradient":""},"mobile":{"background-color":"","background-image":"","background-repeat":"repeat","background-position":"center center","background-size":"auto","background-attachment":"scroll","background-type":"","background-media":"","overlay-type":"","overlay-color":"","overlay-opacity":"","overlay-gradient":""}},"ast-content-background-meta":{"desktop":{"background-color":"var(--ast-global-color-5)","background-image":"","background-repeat":"repeat","background-position":"center center","background-size":"auto","background-attachment":"scroll","background-type":"","background-media":"","overlay-type":"","overlay-color":"","overlay-opacity":"","overlay-gradient":""},"tablet":{"background-color":"var(--ast-global-color-5)","background-image":"","background-repeat":"repeat","background-position":"center center","background-size":"auto","background-attachment":"scroll","background-type":"","background-media":"","overlay-type":"","overlay-color":"","overlay-opacity":"","overlay-gradient":""},"mobile":{"background-color":"var(--ast-global-color-5)","background-image":"","background-repeat":"repeat","background-position":"center center","background-size":"auto","background-attachment":"scroll","background-type":"","background-media":"","overlay-type":"","overlay-color":"","overlay-opacity":"","overlay-gradient":""}},"footnotes":""},"class_list":["post-257","page","type-page","status-publish","hentry"],"_links":{"self":[{"href":"https:\/\/www.ksaconsulting.fr\/en\/wp-json\/wp\/v2\/pages\/257","targetHints":{"allow":["GET"]}}],"collection":[{"href":"https:\/\/www.ksaconsulting.fr\/en\/wp-json\/wp\/v2\/pages"}],"about":[{"href":"https:\/\/www.ksaconsulting.fr\/en\/wp-json\/wp\/v2\/types\/page"}],"author":[{"embeddable":true,"href":"https:\/\/www.ksaconsulting.fr\/en\/wp-json\/wp\/v2\/users\/1"}],"replies":[{"embeddable":true,"href":"https:\/\/www.ksaconsulting.fr\/en\/wp-json\/wp\/v2\/comments?post=257"}],"version-history":[{"count":7,"href":"https:\/\/www.ksaconsulting.fr\/en\/wp-json\/wp\/v2\/pages\/257\/revisions"}],"predecessor-version":[{"id":290,"href":"https:\/\/www.ksaconsulting.fr\/en\/wp-json\/wp\/v2\/pages\/257\/revisions\/290"}],"wp:attachment":[{"href":"https:\/\/www.ksaconsulting.fr\/en\/wp-json\/wp\/v2\/media?parent=257"}],"curies":[{"name":"wp","href":"https:\/\/api.w.org\/{rel}","templated":true}]}}